{"id":40,"date":"2014-10-10T13:56:14","date_gmt":"2014-10-10T12:56:14","guid":{"rendered":"http:\/\/www.closdelossiete.com\/?page_id=40"},"modified":"2015-01-24T22:56:19","modified_gmt":"2015-01-24T21:56:19","slug":"mentions-legales","status":"publish","type":"page","link":"https:\/\/www.closdelossiete.com\/fr\/mentions-legales\/","title":{"rendered":"Mentions l\u00e9gales"},"content":{"rendered":"<div class=\"singlepost credit\">\n<div class=\"scrollpost\">\n<h3>Cr\u00e9dits<\/h3>\n<p>Conception : <a href=\"http:\/\/www.lasuite-atelier.com\/\" target=\"_blank\"><img decoding=\"async\" style=\"vertical-align:baseline\" alt=\"LaSuite Atelier\" src=\"https:\/\/www.closdelossiete.com\/wp-content\/themes\/clos7\/images\/lasuite-atelier.png\" \/><\/a><br \/>\nStockage : OVH SAS, 2 rue Kellermann, 59 100 Roubaix, France<br \/>\nPhotographies : Colin Hampden Smith<br \/>\nVid\u00e9o : Pierre Grenet<br \/>\nDirectrice de la publication : S\u00e9verine Bonnie<\/p>\n<h3>Responsabilit\u00e9s<\/h3>\n<p>L&rsquo;utilisateur reconna\u00eet avoir pris connaissance des pr\u00e9sentes conditions d&rsquo;utilisation et s&rsquo;engage \u00e0 les respecter.<br \/>\nL&rsquo;utilisateur du site internet \u00ab\u00a0www.closdelossiete.com\u00a0\u00bb reconna\u00eet disposer de la comp\u00e9tence et des moyens n\u00e9cessaires pour acc\u00e9der et utiliser ce site.<br \/>\nL&rsquo;utilisateur du site internet \u00ab\u00a0www.closdelossiete.com\u00a0\u00bb reconna\u00eet avoir v\u00e9rifi\u00e9 que la configuration informatique utilis\u00e9e ne contient aucun virus et qu&rsquo;elle est en parfait \u00e9tat de fonctionnement.<br \/>\nNous mettons tout en \u0153uvre pour offrir aux utilisateurs des informations et\/ou des outils disponibles et v\u00e9rifi\u00e9s mais ne saurions \u00eatre tenus pour responsable des erreurs, d&rsquo;une absence de disponibilit\u00e9 des fonctionnalit\u00e9s et\/ou de la pr\u00e9sence de virus sur son site.<br \/>\nLes informations fournies par Clos de los Siete sont \u00e0 titre indicatif et ne sauraient dispenser l&rsquo;utilisateur d&rsquo;une analyse compl\u00e9mentaire et personnalis\u00e9e.<br \/>\nNous ne saurons garantir l&rsquo;exactitude, la compl\u00e9tude, l&rsquo;actualit\u00e9 des informations diffus\u00e9es sur notre site. En cons\u00e9quence, l&rsquo;utilisateur reconna\u00eet utiliser ces informations sous sa responsabilit\u00e9 exclusive.<\/p>\n<h3>\u00c2ge l\u00e9gal pour la consommation d\u2019alcool<\/h3>\n<p>Pour pouvoir consulter ce site, vous devez avoir l\u2019\u00e2ge l\u00e9gal fix\u00e9 par la loi de votre pays pour la consommation d\u2019alcool \u2013 si ce n\u2019est pas le cas, veuillez quitter ce site.<br \/>\nSi vous avez l\u2019\u00e2ge requis, consommez nos produits avec mod\u00e9ration.<\/p>\n<h3>Territoires faisant l\u2019objet d\u2019une restriction<\/h3>\n<p>Dans certains pays, il est interdit de consulter un site comme le n\u00f4tre car la l\u00e9gislation locale restreint la vente et\/ou la promotion de boissons alcoolis\u00e9es.<br \/>\nSi vous consultez ce site depuis un pays o\u00f9 de telles restrictions s\u2019appliquent, d\u00e9connectez-vous imm\u00e9diatement.<br \/>\nSi vous ne connaissez pas les dispositions de la loi de votre pays \u00e0 ce sujet, nous vous recommandons de quitter ce site et de consulter vos droits avant de continuer.<\/p>\n<h3>Droits de propri\u00e9t\u00e9 intellectuelle<\/h3>\n<p>La conception g\u00e9n\u00e9rale, ainsi que les textes, images anim\u00e9es ou non, sons, savoir faire et tout autres \u00e9l\u00e9ments composants le site sont la propri\u00e9t\u00e9 exclusive de Clos de los Siete et\/ou de ses fournisseurs.<br \/>\nL&rsquo;ensemble de ce site rel\u00e8ve de la l\u00e9gislation fran\u00e7aise sur le droit d&rsquo;auteur et la propri\u00e9t\u00e9 intellectuelle.<br \/>\nIl en est de m\u00eame des bases de donn\u00e9es figurant sur le site web, qui sont prot\u00e9g\u00e9es par les dispositions de la loi du 1er juillet 1998 (article L112-3), et dont Clos de los Siete est producteur.<br \/>\nLa reproduction de tout ou partie de ce site (autre que techniquement n\u00e9cessaire \u00e0 sa consultation) sur un support \u00e9lectronique quel qu&rsquo;il soit est express\u00e9ment interdite.<br \/>\nLa reproduction d&rsquo;un \u00e9l\u00e9ment de ce site sur un support papier est autoris\u00e9e, sous r\u00e9serve du respect des deux conditions suivantes :<br \/>\n&#8211; respect de l&rsquo;int\u00e9grit\u00e9 des documents reproduits : pas de modification ni alt\u00e9ration d&rsquo;aucune sorte,<br \/>\n&#8211; citation claire et lisible de la source sous la forme suivante -par exemple &#8211; : \u00ab\u00a0ce document provient du site www.closdelossiete.com. Droits de reproduction r\u00e9serv\u00e9s et strictement limit\u00e9s\u00a0\u00bb.<br \/>\nL&rsquo;adresse Internet du site \u00ab\u00a0www.closdelossiete.com\u00a0\u00bb doit toujours figurer dans la r\u00e9f\u00e9rence.<br \/>\nL&rsquo;utilisation du contenu du site en contravention avec ces prescriptions vaut contrefa\u00e7on au sens de l&rsquo;article 335-2 du Code de la propri\u00e9t\u00e9 intellectuelle.<br \/>\nOutre des dommages et int\u00e9r\u00eats au titre de la responsabilit\u00e9 civile, celle-ci peut \u00eatre p\u00e9nalement sanctionn\u00e9e de 300 000 euros d&rsquo;amende et\/ou de 3 ans d&#8217;emprisonnement.<br \/>\nPour d&rsquo;autres utilisations, merci de prendre contact avec nous.<br \/>\nTous liens hypertextes mis en place vers le pr\u00e9sent site web www.closdelossiete.com depuis d&rsquo;autres ressources pr\u00e9sentes sur le r\u00e9seau Internet, doivent imp\u00e9rativement faire l&rsquo;objet d&rsquo;une autorisation \u00e9crite et expresse de Clos de los Siete.<br \/>\n\u00c0 cette fin, merci de prendre contact avec nous. Clos de los Siete d\u00e9cline toute responsabilit\u00e9 relative au contenu des sites Internet vers lesquels des liens hypertextes pourraient renvoyer depuis le site \u00ab\u00a0www.closdelossiete.com\u00a0\u00bb<\/p>\n<h3>Protection des donn\u00e9es personnelles<\/h3>\n<p>Selon l&rsquo;article 34 de la loi fran\u00e7aise n\u00b0 78-17 du 6 janvier 1978 relative \u00e0 l&rsquo;informatique, aux fichiers et aux libert\u00e9s, tout utilisateur ayant d\u00e9pos\u00e9 sur le site des informations directement ou indirectement nominatives peut demander la communication des informations personnelles le concernant \u00e0 l&rsquo;administrateur du service, les faire rectifier ou supprimer le cas \u00e9ch\u00e9ant en contactant le Clos de los Siete.<br \/>\nVos coordonn\u00e9es ne seront pas divulgu\u00e9es \u00e0 des soci\u00e9t\u00e9s tiers.<\/p>\n<h3>Cookie<\/h3>\n<p>Le cookie est un indicateur d\u00e9pos\u00e9 par notre site sur le disque dur de votre ordinateur et n&rsquo;a pour but que de vous simplifier la navigation lors de vos visites ult\u00e9rieures.<br \/>\nNotre site Internet www.closdelossiete.com peut utiliser la technologie des cookies afin :<br \/>\n&#8211; d&rsquo;\u00e9laborer des statistiques sur la navigation du site ;<br \/>\n&#8211; de garantir le fonctionnement de certaines applications du site, pour lesquelles les cookies sont n\u00e9cessaires ;<br \/>\n&#8211; de garder en m\u00e9moire votre identifiant. Ceci nous permet lors de votre prochaine visite sur notre site de vous proposer \u00e9ventuellement des offres personnalis\u00e9es.<br \/>\nEn vertu de votre droit d&rsquo;opposition, vous pouvez vous opposer \u00e0 l&rsquo;enregistrement de ces \u00ab\u00a0cookies\u00a0\u00bb en configurant votre navigateur Internet.<\/p>\n<\/div>\n<\/div>\n","protected":false},"excerpt":{"rendered":"<p>Cr\u00e9dits Conception : Stockage : OVH SAS, 2 rue Kellermann, 59 100 Roubaix, France Photographies : Colin Hampden Smith Vid\u00e9o : Pierre Grenet Directrice de la publication : S\u00e9verine Bonnie Responsabilit\u00e9s L&rsquo;utilisateur reconna\u00eet avoir pris connaissance des pr\u00e9sentes conditions d&rsquo;utilisation et s&rsquo;engage \u00e0 les respecter. L&rsquo;utilisateur du site internet \u00ab\u00a0www.closdelossiete.com\u00a0\u00bb reconna\u00eet disposer de la comp\u00e9tence [&hellip;]<\/p>\n","protected":false},"author":1,"featured_media":0,"parent":0,"menu_order":0,"comment_status":"closed","ping_status":"closed","template":"","meta":{"_acf_changed":false,"footnotes":""},"class_list":["post-40","page","type-page","status-publish","hentry"],"acf":[],"yoast_head":"<!-- This site is optimized with the Yoast SEO plugin v27.4 - https:\/\/yoast.com\/product\/yoast-seo-wordpress\/ -->\n<title>Mentions l\u00e9gales - Clos de los siete<\/title>\n<meta name=\"robots\" content=\"index, follow, max-snippet:-1, max-image-preview:large, max-video-preview:-1\" \/>\n<link rel=\"canonical\" href=\"https:\/\/www.closdelossiete.com\/mentions-legales\/\" \/>\n<meta property=\"og:locale\" content=\"fr_FR\" \/>\n<meta property=\"og:type\" content=\"article\" \/>\n<meta property=\"og:title\" content=\"Mentions l\u00e9gales - Clos de los siete\" \/>\n<meta property=\"og:description\" content=\"Cr\u00e9dits Conception : Stockage : OVH SAS, 2 rue Kellermann, 59 100 Roubaix, France Photographies : Colin Hampden Smith Vid\u00e9o : Pierre Grenet Directrice de la publication : S\u00e9verine Bonnie Responsabilit\u00e9s L&rsquo;utilisateur reconna\u00eet avoir pris connaissance des pr\u00e9sentes conditions d&rsquo;utilisation et s&rsquo;engage \u00e0 les respecter. L&rsquo;utilisateur du site internet \u00ab\u00a0www.closdelossiete.com\u00a0\u00bb reconna\u00eet disposer de la comp\u00e9tence [&hellip;]\" \/>\n<meta property=\"og:url\" content=\"https:\/\/www.closdelossiete.com\/mentions-legales\/\" \/>\n<meta property=\"og:site_name\" content=\"Clos de los siete\" \/>\n<meta property=\"article:modified_time\" content=\"2015-01-24T21:56:19+00:00\" \/>\n<meta property=\"og:image\" content=\"https:\/\/www.closdelossiete.com\/wp-content\/themes\/clos7\/images\/lasuite-atelier.png\" \/>\n<meta name=\"twitter:label1\" content=\"Dur\u00e9e de lecture estim\u00e9e\" \/>\n\t<meta name=\"twitter:data1\" content=\"4 minutes\" \/>\n<script type=\"application\/ld+json\" class=\"yoast-schema-graph\">{\"@context\":\"https:\\\/\\\/schema.org\",\"@graph\":[{\"@type\":\"WebPage\",\"@id\":\"https:\\\/\\\/www.closdelossiete.com\\\/mentions-legales\\\/\",\"url\":\"https:\\\/\\\/www.closdelossiete.com\\\/mentions-legales\\\/\",\"name\":\"Mentions l\u00e9gales - Clos de los siete\",\"isPartOf\":{\"@id\":\"https:\\\/\\\/www.closdelossiete.com\\\/#website\"},\"primaryImageOfPage\":{\"@id\":\"https:\\\/\\\/www.closdelossiete.com\\\/mentions-legales\\\/#primaryimage\"},\"image\":{\"@id\":\"https:\\\/\\\/www.closdelossiete.com\\\/mentions-legales\\\/#primaryimage\"},\"thumbnailUrl\":\"https:\\\/\\\/www.closdelossiete.com\\\/wp-content\\\/themes\\\/clos7\\\/images\\\/lasuite-atelier.png\",\"datePublished\":\"2014-10-10T12:56:14+00:00\",\"dateModified\":\"2015-01-24T21:56:19+00:00\",\"breadcrumb\":{\"@id\":\"https:\\\/\\\/www.closdelossiete.com\\\/mentions-legales\\\/#breadcrumb\"},\"inLanguage\":\"fr-FR\",\"potentialAction\":[{\"@type\":\"ReadAction\",\"target\":[\"https:\\\/\\\/www.closdelossiete.com\\\/mentions-legales\\\/\"]}]},{\"@type\":\"ImageObject\",\"inLanguage\":\"fr-FR\",\"@id\":\"https:\\\/\\\/www.closdelossiete.com\\\/mentions-legales\\\/#primaryimage\",\"url\":\"https:\\\/\\\/www.closdelossiete.com\\\/wp-content\\\/themes\\\/clos7\\\/images\\\/lasuite-atelier.png\",\"contentUrl\":\"https:\\\/\\\/www.closdelossiete.com\\\/wp-content\\\/themes\\\/clos7\\\/images\\\/lasuite-atelier.png\"},{\"@type\":\"BreadcrumbList\",\"@id\":\"https:\\\/\\\/www.closdelossiete.com\\\/mentions-legales\\\/#breadcrumb\",\"itemListElement\":[{\"@type\":\"ListItem\",\"position\":1,\"name\":\"Accueil\",\"item\":\"https:\\\/\\\/www.closdelossiete.com\\\/\"},{\"@type\":\"ListItem\",\"position\":2,\"name\":\"Mentions l\u00e9gales\"}]},{\"@type\":\"WebSite\",\"@id\":\"https:\\\/\\\/www.closdelossiete.com\\\/#website\",\"url\":\"https:\\\/\\\/www.closdelossiete.com\\\/\",\"name\":\"Clos de los siete\",\"description\":\"\",\"potentialAction\":[{\"@type\":\"SearchAction\",\"target\":{\"@type\":\"EntryPoint\",\"urlTemplate\":\"https:\\\/\\\/www.closdelossiete.com\\\/?s={search_term_string}\"},\"query-input\":{\"@type\":\"PropertyValueSpecification\",\"valueRequired\":true,\"valueName\":\"search_term_string\"}}],\"inLanguage\":\"fr-FR\"}]}<\/script>\n<!-- \/ Yoast SEO plugin. -->","yoast_head_json":{"title":"Mentions l\u00e9gales - Clos de los siete","robots":{"index":"index","follow":"follow","max-snippet":"max-snippet:-1","max-image-preview":"max-image-preview:large","max-video-preview":"max-video-preview:-1"},"canonical":"https:\/\/www.closdelossiete.com\/mentions-legales\/","og_locale":"fr_FR","og_type":"article","og_title":"Mentions l\u00e9gales - Clos de los siete","og_description":"Cr\u00e9dits Conception : Stockage : OVH SAS, 2 rue Kellermann, 59 100 Roubaix, France Photographies : Colin Hampden Smith Vid\u00e9o : Pierre Grenet Directrice de la publication : S\u00e9verine Bonnie Responsabilit\u00e9s L&rsquo;utilisateur reconna\u00eet avoir pris connaissance des pr\u00e9sentes conditions d&rsquo;utilisation et s&rsquo;engage \u00e0 les respecter. L&rsquo;utilisateur du site internet \u00ab\u00a0www.closdelossiete.com\u00a0\u00bb reconna\u00eet disposer de la comp\u00e9tence [&hellip;]","og_url":"https:\/\/www.closdelossiete.com\/mentions-legales\/","og_site_name":"Clos de los siete","article_modified_time":"2015-01-24T21:56:19+00:00","og_image":[{"url":"https:\/\/www.closdelossiete.com\/wp-content\/themes\/clos7\/images\/lasuite-atelier.png","type":"","width":"","height":""}],"twitter_misc":{"Dur\u00e9e de lecture estim\u00e9e":"4 minutes"},"schema":{"@context":"https:\/\/schema.org","@graph":[{"@type":"WebPage","@id":"https:\/\/www.closdelossiete.com\/mentions-legales\/","url":"https:\/\/www.closdelossiete.com\/mentions-legales\/","name":"Mentions l\u00e9gales - Clos de los siete","isPartOf":{"@id":"https:\/\/www.closdelossiete.com\/#website"},"primaryImageOfPage":{"@id":"https:\/\/www.closdelossiete.com\/mentions-legales\/#primaryimage"},"image":{"@id":"https:\/\/www.closdelossiete.com\/mentions-legales\/#primaryimage"},"thumbnailUrl":"https:\/\/www.closdelossiete.com\/wp-content\/themes\/clos7\/images\/lasuite-atelier.png","datePublished":"2014-10-10T12:56:14+00:00","dateModified":"2015-01-24T21:56:19+00:00","breadcrumb":{"@id":"https:\/\/www.closdelossiete.com\/mentions-legales\/#breadcrumb"},"inLanguage":"fr-FR","potentialAction":[{"@type":"ReadAction","target":["https:\/\/www.closdelossiete.com\/mentions-legales\/"]}]},{"@type":"ImageObject","inLanguage":"fr-FR","@id":"https:\/\/www.closdelossiete.com\/mentions-legales\/#primaryimage","url":"https:\/\/www.closdelossiete.com\/wp-content\/themes\/clos7\/images\/lasuite-atelier.png","contentUrl":"https:\/\/www.closdelossiete.com\/wp-content\/themes\/clos7\/images\/lasuite-atelier.png"},{"@type":"BreadcrumbList","@id":"https:\/\/www.closdelossiete.com\/mentions-legales\/#breadcrumb","itemListElement":[{"@type":"ListItem","position":1,"name":"Accueil","item":"https:\/\/www.closdelossiete.com\/"},{"@type":"ListItem","position":2,"name":"Mentions l\u00e9gales"}]},{"@type":"WebSite","@id":"https:\/\/www.closdelossiete.com\/#website","url":"https:\/\/www.closdelossiete.com\/","name":"Clos de los siete","description":"","potentialAction":[{"@type":"SearchAction","target":{"@type":"EntryPoint","urlTemplate":"https:\/\/www.closdelossiete.com\/?s={search_term_string}"},"query-input":{"@type":"PropertyValueSpecification","valueRequired":true,"valueName":"search_term_string"}}],"inLanguage":"fr-FR"}]}},"_links":{"self":[{"href":"https:\/\/www.closdelossiete.com\/fr\/wp-json\/wp\/v2\/pages\/40","targetHints":{"allow":["GET"]}}],"collection":[{"href":"https:\/\/www.closdelossiete.com\/fr\/wp-json\/wp\/v2\/pages"}],"about":[{"href":"https:\/\/www.closdelossiete.com\/fr\/wp-json\/wp\/v2\/types\/page"}],"author":[{"embeddable":true,"href":"https:\/\/www.closdelossiete.com\/fr\/wp-json\/wp\/v2\/users\/1"}],"replies":[{"embeddable":true,"href":"https:\/\/www.closdelossiete.com\/fr\/wp-json\/wp\/v2\/comments?post=40"}],"version-history":[{"count":0,"href":"https:\/\/www.closdelossiete.com\/fr\/wp-json\/wp\/v2\/pages\/40\/revisions"}],"wp:attachment":[{"href":"https:\/\/www.closdelossiete.com\/fr\/wp-json\/wp\/v2\/media?parent=40"}],"curies":[{"name":"wp","href":"https:\/\/api.w.org\/{rel}","templated":true}]}}