{"id":528,"date":"2014-11-26T16:15:10","date_gmt":"2014-11-26T15:15:10","guid":{"rendered":"http:\/\/www.closdelossiete.com\/?page_id=528"},"modified":"2024-12-23T13:41:14","modified_gmt":"2024-12-23T12:41:14","slug":"newsletter-es","status":"publish","type":"page","link":"https:\/\/www.closdelossiete.com\/es\/newsletter-es\/","title":{"rendered":"Bolet\u00edn"},"content":{"rendered":"<div class=\"newsletter\">\n<div class=\"news\">\n<h2>Mantente en contacto con Clos de los Siete<\/h2>\n<p class=\"txt\">Para recibir informaci\u00f3n, fechas de visitas y actividades, suscr\u00edbete a nuestro bolet\u00edn introduciendo tu direcci\u00f3n de correo electr\u00f3nico en el campo de abajo.<\/p>\n\n<div class=\"wpcf7 no-js\" id=\"wpcf7-f425-o1\" lang=\"fr-FR\" dir=\"ltr\">\n<div class=\"screen-reader-response\"><p role=\"status\" aria-live=\"polite\" aria-atomic=\"true\"><\/p> <ul><\/ul><\/div>\n<form action=\"\/es\/wp-json\/wp\/v2\/pages\/528#wpcf7-f425-o1\" method=\"post\" class=\"wpcf7-form init\" aria-label=\"Formulaire de contact\" novalidate=\"novalidate\" data-status=\"init\">\n<div style=\"display: none;\">\n<input type=\"hidden\" name=\"_wpcf7\" value=\"425\" \/>\n<input type=\"hidden\" name=\"_wpcf7_version\" value=\"5.9.8\" \/>\n<input type=\"hidden\" name=\"_wpcf7_locale\" value=\"fr_FR\" \/>\n<input type=\"hidden\" name=\"_wpcf7_unit_tag\" value=\"wpcf7-f425-o1\" \/>\n<input type=\"hidden\" name=\"_wpcf7_container_post\" value=\"0\" \/>\n<input type=\"hidden\" name=\"_wpcf7_posted_data_hash\" value=\"\" \/>\n<\/div>\n<p><span class=\"wpcf7-form-control-wrap\" data-name=\"your-email\"><input size=\"40\" maxlength=\"400\" class=\"wpcf7-form-control wpcf7-email wpcf7-validates-as-required wpcf7-text wpcf7-validates-as-email\" aria-required=\"true\" aria-invalid=\"false\" value=\"\" type=\"email\" name=\"your-email\" \/><\/span><input class=\"wpcf7-form-control wpcf7-submit has-spinner\" type=\"submit\" value=\"OK\" \/><br \/>\n[honeypot nom timecheck_value:5 timecheck_enabled:true]<br \/>\n[la_sentinelle autre]\n<\/p><div class=\"wpcf7-response-output\" aria-hidden=\"true\"><\/div>\n<\/form>\n<\/div>\n<\/div>\n<\/div>\n","protected":false},"excerpt":{"rendered":"<p>Mantente en contacto con Clos de los Siete Para recibir informaci\u00f3n, fechas de visitas y actividades, suscr\u00edbete a nuestro bolet\u00edn introduciendo tu direcci\u00f3n de correo electr\u00f3nico en el campo de abajo.<\/p>\n","protected":false},"author":1,"featured_media":0,"parent":0,"menu_order":0,"comment_status":"closed","ping_status":"closed","template":"","meta":{"_acf_changed":false,"footnotes":""},"class_list":["post-528","page","type-page","status-publish","hentry"],"acf":[],"yoast_head":"<!-- This site is optimized with the Yoast SEO plugin v27.5 - https:\/\/yoast.com\/product\/yoast-seo-wordpress\/ -->\n<title>Bolet\u00edn - Clos de los siete<\/title>\n<meta name=\"robots\" content=\"index, follow, max-snippet:-1, max-image-preview:large, max-video-preview:-1\" \/>\n<link rel=\"canonical\" href=\"https:\/\/www.closdelossiete.com\/es\/newsletter-es\/\" \/>\n<meta property=\"og:locale\" content=\"es_ES\" \/>\n<meta property=\"og:type\" content=\"article\" \/>\n<meta property=\"og:title\" content=\"Bolet\u00edn - Clos de los siete\" \/>\n<meta property=\"og:description\" content=\"Mantente en contacto con Clos de los Siete Para recibir informaci\u00f3n, fechas de visitas y actividades, suscr\u00edbete a nuestro bolet\u00edn introduciendo tu direcci\u00f3n de correo electr\u00f3nico en el campo de abajo.\" \/>\n<meta property=\"og:url\" content=\"https:\/\/www.closdelossiete.com\/es\/newsletter-es\/\" \/>\n<meta property=\"og:site_name\" content=\"Clos de los siete\" \/>\n<meta property=\"article:modified_time\" content=\"2024-12-23T12:41:14+00:00\" \/>\n<meta name=\"twitter:label1\" content=\"Tiempo de lectura\" \/>\n\t<meta name=\"twitter:data1\" content=\"1 minuto\" \/>\n<script type=\"application\/ld+json\" class=\"yoast-schema-graph\">{\"@context\":\"https:\\\/\\\/schema.org\",\"@graph\":[{\"@type\":\"WebPage\",\"@id\":\"https:\\\/\\\/www.closdelossiete.com\\\/es\\\/newsletter-es\\\/\",\"url\":\"https:\\\/\\\/www.closdelossiete.com\\\/es\\\/newsletter-es\\\/\",\"name\":\"Bolet\u00edn - Clos de los siete\",\"isPartOf\":{\"@id\":\"https:\\\/\\\/www.closdelossiete.com\\\/#website\"},\"datePublished\":\"2014-11-26T15:15:10+00:00\",\"dateModified\":\"2024-12-23T12:41:14+00:00\",\"breadcrumb\":{\"@id\":\"https:\\\/\\\/www.closdelossiete.com\\\/es\\\/newsletter-es\\\/#breadcrumb\"},\"inLanguage\":\"es\",\"potentialAction\":[{\"@type\":\"ReadAction\",\"target\":[\"https:\\\/\\\/www.closdelossiete.com\\\/es\\\/newsletter-es\\\/\"]}]},{\"@type\":\"BreadcrumbList\",\"@id\":\"https:\\\/\\\/www.closdelossiete.com\\\/es\\\/newsletter-es\\\/#breadcrumb\",\"itemListElement\":[{\"@type\":\"ListItem\",\"position\":1,\"name\":\"Accueil\",\"item\":\"https:\\\/\\\/www.closdelossiete.com\\\/es\\\/\"},{\"@type\":\"ListItem\",\"position\":2,\"name\":\"Bolet\u00edn\"}]},{\"@type\":\"WebSite\",\"@id\":\"https:\\\/\\\/www.closdelossiete.com\\\/#website\",\"url\":\"https:\\\/\\\/www.closdelossiete.com\\\/\",\"name\":\"Clos de los siete\",\"description\":\"\",\"potentialAction\":[{\"@type\":\"SearchAction\",\"target\":{\"@type\":\"EntryPoint\",\"urlTemplate\":\"https:\\\/\\\/www.closdelossiete.com\\\/?s={search_term_string}\"},\"query-input\":{\"@type\":\"PropertyValueSpecification\",\"valueRequired\":true,\"valueName\":\"search_term_string\"}}],\"inLanguage\":\"es\"}]}<\/script>\n<!-- \/ Yoast SEO plugin. -->","yoast_head_json":{"title":"Bolet\u00edn - Clos de los siete","robots":{"index":"index","follow":"follow","max-snippet":"max-snippet:-1","max-image-preview":"max-image-preview:large","max-video-preview":"max-video-preview:-1"},"canonical":"https:\/\/www.closdelossiete.com\/es\/newsletter-es\/","og_locale":"es_ES","og_type":"article","og_title":"Bolet\u00edn - Clos de los siete","og_description":"Mantente en contacto con Clos de los Siete Para recibir informaci\u00f3n, fechas de visitas y actividades, suscr\u00edbete a nuestro bolet\u00edn introduciendo tu direcci\u00f3n de correo electr\u00f3nico en el campo de abajo.","og_url":"https:\/\/www.closdelossiete.com\/es\/newsletter-es\/","og_site_name":"Clos de los siete","article_modified_time":"2024-12-23T12:41:14+00:00","twitter_misc":{"Tiempo de lectura":"1 minuto"},"schema":{"@context":"https:\/\/schema.org","@graph":[{"@type":"WebPage","@id":"https:\/\/www.closdelossiete.com\/es\/newsletter-es\/","url":"https:\/\/www.closdelossiete.com\/es\/newsletter-es\/","name":"Bolet\u00edn - Clos de los siete","isPartOf":{"@id":"https:\/\/www.closdelossiete.com\/#website"},"datePublished":"2014-11-26T15:15:10+00:00","dateModified":"2024-12-23T12:41:14+00:00","breadcrumb":{"@id":"https:\/\/www.closdelossiete.com\/es\/newsletter-es\/#breadcrumb"},"inLanguage":"es","potentialAction":[{"@type":"ReadAction","target":["https:\/\/www.closdelossiete.com\/es\/newsletter-es\/"]}]},{"@type":"BreadcrumbList","@id":"https:\/\/www.closdelossiete.com\/es\/newsletter-es\/#breadcrumb","itemListElement":[{"@type":"ListItem","position":1,"name":"Accueil","item":"https:\/\/www.closdelossiete.com\/es\/"},{"@type":"ListItem","position":2,"name":"Bolet\u00edn"}]},{"@type":"WebSite","@id":"https:\/\/www.closdelossiete.com\/#website","url":"https:\/\/www.closdelossiete.com\/","name":"Clos de los siete","description":"","potentialAction":[{"@type":"SearchAction","target":{"@type":"EntryPoint","urlTemplate":"https:\/\/www.closdelossiete.com\/?s={search_term_string}"},"query-input":{"@type":"PropertyValueSpecification","valueRequired":true,"valueName":"search_term_string"}}],"inLanguage":"es"}]}},"_links":{"self":[{"href":"https:\/\/www.closdelossiete.com\/es\/wp-json\/wp\/v2\/pages\/528","targetHints":{"allow":["GET"]}}],"collection":[{"href":"https:\/\/www.closdelossiete.com\/es\/wp-json\/wp\/v2\/pages"}],"about":[{"href":"https:\/\/www.closdelossiete.com\/es\/wp-json\/wp\/v2\/types\/page"}],"author":[{"embeddable":true,"href":"https:\/\/www.closdelossiete.com\/es\/wp-json\/wp\/v2\/users\/1"}],"replies":[{"embeddable":true,"href":"https:\/\/www.closdelossiete.com\/es\/wp-json\/wp\/v2\/comments?post=528"}],"version-history":[{"count":3,"href":"https:\/\/www.closdelossiete.com\/es\/wp-json\/wp\/v2\/pages\/528\/revisions"}],"predecessor-version":[{"id":1196,"href":"https:\/\/www.closdelossiete.com\/es\/wp-json\/wp\/v2\/pages\/528\/revisions\/1196"}],"wp:attachment":[{"href":"https:\/\/www.closdelossiete.com\/es\/wp-json\/wp\/v2\/media?parent=528"}],"curies":[{"name":"wp","href":"https:\/\/api.w.org\/{rel}","templated":true}]}}