{"id":523,"date":"2014-11-26T16:14:21","date_gmt":"2014-11-26T15:14:21","guid":{"rendered":"http:\/\/www.closdelossiete.com\/?page_id=523"},"modified":"2015-01-29T13:03:40","modified_gmt":"2015-01-29T12:03:40","slug":"distribucion","status":"publish","type":"page","link":"https:\/\/www.closdelossiete.com\/es\/distribucion\/","title":{"rendered":"Distribuci\u00f3n"},"content":{"rendered":"<div class=\"distrib\">\n<div class=\"bloc\">\n<div class=\"text\">\n<h3>Distribuci\u00f3n<\/h3>\n<p>Para m\u00e1s informaci\u00f3n, p\u00f3ngase en contacto con nosotros.<br \/><a href=\"mailto:info@closdelossiete.com\">info@closdelossiete.com<\/a><\/p>\n<p>Canada &#8211; \u00c9tats-Unis &#8211; Puerto Rico &#8211; Allemagne &#8211; Autriche &#8211; Danemark &#8211; Suisse &#8211; Royaume Uni &#8211; Irlande (Eire) &#8211; Italie &#8211; Benelux &#8211; Belgique &#8211; Luxembourg &#8211; Pays-Bas &#8211; Finlande &#8211; Norv\u00e8ge &#8211; Su\u00e8de &#8211; Chypre &#8211; Espagne &#8211; Gr\u00e8ce &#8211; Hongrie &#8211; \u00celes Anglo Normandes &#8211; Pologne &#8211; Portugal (Acores &#8211; Mad\u00e8re) &#8211; Principaut\u00e9 de Monaco &#8211; R\u00e9publique Tch\u00e8que &#8211; Roumanie &#8211; Serbie &#8211; Russie\/Pays Baltes &#8211; Turquie &#8211; \u00cele Maurice &#8211; \u00c9mirats Arabes Unis &#8211; Liban &#8211; Jordanie &#8211; Burkina Faso &#8211; Cote D&#8217;ivoire &#8211; Mali &#8211; Br\u00e9sil &#8211; Colombie &#8211; \u00c9quateur &#8211; Mexique &#8211; P\u00e9rou &#8211; Uruguay &#8211; Venezuela &#8211; Guyane Fran\u00e7aise &#8211; Bermudes &#8211; La Martinique &#8211; Ha\u00efti &#8211; Guadeloupe &#8211; Costa-Rica &#8211; Trinit\u00e9 Et Tobago &#8211; \u00celes Turks et Ca\u00efques &#8211; Panama &#8211; Grande Chine &#8211; Hong-Kong &#8211; Chine &#8211; Japon &#8211; Cor\u00e9e du Sud &#8211; Australie &#8211; Nouvelle Cal\u00e9donie &#8211; Nouvelle-Z\u00e9lande &#8211; \u00celes Fidji &#8211; Philippines &#8211; Inde &#8211; Malaisie &#8211; Maldives &#8211; Kazakhstan &#8211; Singapour &#8211; Tahiti &#8211; Tha\u00eflande &#8211; Vietnam<\/p>\n<\/div>\n<\/div>\n<\/div>\n","protected":false},"excerpt":{"rendered":"<p>Distribuci\u00f3n Para m\u00e1s informaci\u00f3n, p\u00f3ngase en contacto con nosotros.info@closdelossiete.com Canada &#8211; \u00c9tats-Unis &#8211; Puerto Rico &#8211; Allemagne &#8211; Autriche &#8211; Danemark &#8211; Suisse &#8211; Royaume Uni &#8211; Irlande (Eire) &#8211; Italie &#8211; Benelux &#8211; Belgique &#8211; Luxembourg &#8211; Pays-Bas &#8211; Finlande &#8211; Norv\u00e8ge &#8211; Su\u00e8de &#8211; Chypre &#8211; Espagne &#8211; Gr\u00e8ce &#8211; Hongrie &#8211; \u00celes [&hellip;]<\/p>\n","protected":false},"author":1,"featured_media":0,"parent":0,"menu_order":0,"comment_status":"closed","ping_status":"closed","template":"","meta":{"_acf_changed":false,"footnotes":""},"class_list":["post-523","page","type-page","status-publish","hentry"],"acf":[],"yoast_head":"<!-- This site is optimized with the Yoast SEO plugin v27.4 - https:\/\/yoast.com\/product\/yoast-seo-wordpress\/ -->\n<title>Distribuci\u00f3n - Clos de los siete<\/title>\n<meta name=\"robots\" content=\"index, follow, max-snippet:-1, max-image-preview:large, max-video-preview:-1\" \/>\n<link rel=\"canonical\" href=\"https:\/\/www.closdelossiete.com\/es\/distribucion\/\" \/>\n<meta property=\"og:locale\" content=\"es_ES\" \/>\n<meta property=\"og:type\" content=\"article\" \/>\n<meta property=\"og:title\" content=\"Distribuci\u00f3n - Clos de los siete\" \/>\n<meta property=\"og:description\" content=\"Distribuci\u00f3n Para m\u00e1s informaci\u00f3n, p\u00f3ngase en contacto con nosotros.info@closdelossiete.com Canada &#8211; \u00c9tats-Unis &#8211; Puerto Rico &#8211; Allemagne &#8211; Autriche &#8211; Danemark &#8211; Suisse &#8211; Royaume Uni &#8211; Irlande (Eire) &#8211; Italie &#8211; Benelux &#8211; Belgique &#8211; Luxembourg &#8211; Pays-Bas &#8211; Finlande &#8211; Norv\u00e8ge &#8211; Su\u00e8de &#8211; Chypre &#8211; Espagne &#8211; Gr\u00e8ce &#8211; Hongrie &#8211; \u00celes [&hellip;]\" \/>\n<meta property=\"og:url\" content=\"https:\/\/www.closdelossiete.com\/es\/distribucion\/\" \/>\n<meta property=\"og:site_name\" content=\"Clos de los siete\" \/>\n<meta property=\"article:modified_time\" content=\"2015-01-29T12:03:40+00:00\" \/>\n<meta name=\"twitter:label1\" content=\"Tiempo de lectura\" \/>\n\t<meta name=\"twitter:data1\" content=\"1 minuto\" \/>\n<script type=\"application\/ld+json\" class=\"yoast-schema-graph\">{\"@context\":\"https:\\\/\\\/schema.org\",\"@graph\":[{\"@type\":\"WebPage\",\"@id\":\"https:\\\/\\\/www.closdelossiete.com\\\/es\\\/distribucion\\\/\",\"url\":\"https:\\\/\\\/www.closdelossiete.com\\\/es\\\/distribucion\\\/\",\"name\":\"Distribuci\u00f3n - Clos de los siete\",\"isPartOf\":{\"@id\":\"https:\\\/\\\/www.closdelossiete.com\\\/#website\"},\"datePublished\":\"2014-11-26T15:14:21+00:00\",\"dateModified\":\"2015-01-29T12:03:40+00:00\",\"breadcrumb\":{\"@id\":\"https:\\\/\\\/www.closdelossiete.com\\\/es\\\/distribucion\\\/#breadcrumb\"},\"inLanguage\":\"es\",\"potentialAction\":[{\"@type\":\"ReadAction\",\"target\":[\"https:\\\/\\\/www.closdelossiete.com\\\/es\\\/distribucion\\\/\"]}]},{\"@type\":\"BreadcrumbList\",\"@id\":\"https:\\\/\\\/www.closdelossiete.com\\\/es\\\/distribucion\\\/#breadcrumb\",\"itemListElement\":[{\"@type\":\"ListItem\",\"position\":1,\"name\":\"Accueil\",\"item\":\"https:\\\/\\\/www.closdelossiete.com\\\/es\\\/\"},{\"@type\":\"ListItem\",\"position\":2,\"name\":\"Distribuci\u00f3n\"}]},{\"@type\":\"WebSite\",\"@id\":\"https:\\\/\\\/www.closdelossiete.com\\\/#website\",\"url\":\"https:\\\/\\\/www.closdelossiete.com\\\/\",\"name\":\"Clos de los siete\",\"description\":\"\",\"potentialAction\":[{\"@type\":\"SearchAction\",\"target\":{\"@type\":\"EntryPoint\",\"urlTemplate\":\"https:\\\/\\\/www.closdelossiete.com\\\/?s={search_term_string}\"},\"query-input\":{\"@type\":\"PropertyValueSpecification\",\"valueRequired\":true,\"valueName\":\"search_term_string\"}}],\"inLanguage\":\"es\"}]}<\/script>\n<!-- \/ Yoast SEO plugin. -->","yoast_head_json":{"title":"Distribuci\u00f3n - Clos de los siete","robots":{"index":"index","follow":"follow","max-snippet":"max-snippet:-1","max-image-preview":"max-image-preview:large","max-video-preview":"max-video-preview:-1"},"canonical":"https:\/\/www.closdelossiete.com\/es\/distribucion\/","og_locale":"es_ES","og_type":"article","og_title":"Distribuci\u00f3n - Clos de los siete","og_description":"Distribuci\u00f3n Para m\u00e1s informaci\u00f3n, p\u00f3ngase en contacto con nosotros.info@closdelossiete.com Canada &#8211; \u00c9tats-Unis &#8211; Puerto Rico &#8211; Allemagne &#8211; Autriche &#8211; Danemark &#8211; Suisse &#8211; Royaume Uni &#8211; Irlande (Eire) &#8211; Italie &#8211; Benelux &#8211; Belgique &#8211; Luxembourg &#8211; Pays-Bas &#8211; Finlande &#8211; Norv\u00e8ge &#8211; Su\u00e8de &#8211; Chypre &#8211; Espagne &#8211; Gr\u00e8ce &#8211; Hongrie &#8211; \u00celes [&hellip;]","og_url":"https:\/\/www.closdelossiete.com\/es\/distribucion\/","og_site_name":"Clos de los siete","article_modified_time":"2015-01-29T12:03:40+00:00","twitter_misc":{"Tiempo de lectura":"1 minuto"},"schema":{"@context":"https:\/\/schema.org","@graph":[{"@type":"WebPage","@id":"https:\/\/www.closdelossiete.com\/es\/distribucion\/","url":"https:\/\/www.closdelossiete.com\/es\/distribucion\/","name":"Distribuci\u00f3n - Clos de los siete","isPartOf":{"@id":"https:\/\/www.closdelossiete.com\/#website"},"datePublished":"2014-11-26T15:14:21+00:00","dateModified":"2015-01-29T12:03:40+00:00","breadcrumb":{"@id":"https:\/\/www.closdelossiete.com\/es\/distribucion\/#breadcrumb"},"inLanguage":"es","potentialAction":[{"@type":"ReadAction","target":["https:\/\/www.closdelossiete.com\/es\/distribucion\/"]}]},{"@type":"BreadcrumbList","@id":"https:\/\/www.closdelossiete.com\/es\/distribucion\/#breadcrumb","itemListElement":[{"@type":"ListItem","position":1,"name":"Accueil","item":"https:\/\/www.closdelossiete.com\/es\/"},{"@type":"ListItem","position":2,"name":"Distribuci\u00f3n"}]},{"@type":"WebSite","@id":"https:\/\/www.closdelossiete.com\/#website","url":"https:\/\/www.closdelossiete.com\/","name":"Clos de los siete","description":"","potentialAction":[{"@type":"SearchAction","target":{"@type":"EntryPoint","urlTemplate":"https:\/\/www.closdelossiete.com\/?s={search_term_string}"},"query-input":{"@type":"PropertyValueSpecification","valueRequired":true,"valueName":"search_term_string"}}],"inLanguage":"es"}]}},"_links":{"self":[{"href":"https:\/\/www.closdelossiete.com\/es\/wp-json\/wp\/v2\/pages\/523","targetHints":{"allow":["GET"]}}],"collection":[{"href":"https:\/\/www.closdelossiete.com\/es\/wp-json\/wp\/v2\/pages"}],"about":[{"href":"https:\/\/www.closdelossiete.com\/es\/wp-json\/wp\/v2\/types\/page"}],"author":[{"embeddable":true,"href":"https:\/\/www.closdelossiete.com\/es\/wp-json\/wp\/v2\/users\/1"}],"replies":[{"embeddable":true,"href":"https:\/\/www.closdelossiete.com\/es\/wp-json\/wp\/v2\/comments?post=523"}],"version-history":[{"count":0,"href":"https:\/\/www.closdelossiete.com\/es\/wp-json\/wp\/v2\/pages\/523\/revisions"}],"wp:attachment":[{"href":"https:\/\/www.closdelossiete.com\/es\/wp-json\/wp\/v2\/media?parent=523"}],"curies":[{"name":"wp","href":"https:\/\/api.w.org\/{rel}","templated":true}]}}